{"id":2727,"date":"2023-09-25T14:32:23","date_gmt":"2023-09-25T13:32:23","guid":{"rendered":"https:\/\/wildmotor.fr\/?page_id=2727"},"modified":"2025-09-13T09:42:48","modified_gmt":"2025-09-13T08:42:48","slug":"thp","status":"publish","type":"page","link":"https:\/\/wildmotor.fr\/index.php\/thp\/","title":{"rendered":"Wildmotor &#8211; R\u00e9paration Pompe essence THP"},"content":{"rendered":"\t\t<div data-elementor-type=\"wp-page\" data-elementor-id=\"2727\" class=\"elementor elementor-2727\">\n\t\t\t\t\t\t<section class=\"elementor-section elementor-top-section elementor-element elementor-element-1fef3a7e elementor-section-boxed elementor-section-height-default elementor-section-height-default\" data-id=\"1fef3a7e\" data-element_type=\"section\" data-e-type=\"section\" data-settings=\"{&quot;background_background&quot;:&quot;classic&quot;}\">\n\t\t\t\t\t\t\t<div class=\"elementor-background-overlay\"><\/div>\n\t\t\t\t\t\t\t<div class=\"elementor-container elementor-column-gap-no\">\n\t\t\t\t\t<div class=\"elementor-column elementor-col-100 elementor-top-column elementor-element elementor-element-5778b505\" data-id=\"5778b505\" data-element_type=\"column\" data-e-type=\"column\" data-settings=\"{&quot;background_background&quot;:&quot;classic&quot;}\">\n\t\t\t<div class=\"elementor-widget-wrap elementor-element-populated\">\n\t\t\t\t\t\t<div class=\"elementor-element elementor-element-5040b710 elementor-widget elementor-widget-heading\" data-id=\"5040b710\" data-element_type=\"widget\" data-e-type=\"widget\" data-widget_type=\"heading.default\">\n\t\t\t\t<div class=\"elementor-widget-container\">\n\t\t\t\t\t<h6 class=\"elementor-heading-title elementor-size-default\">R\u00e9paration pompe \u00e0 essence haute pression 1.6 THP \u00e0 250 \u20ac TTC<\/h6>\t\t\t\t<\/div>\n\t\t\t\t<\/div>\n\t\t\t\t<div class=\"elementor-element elementor-element-10fce1 elementor-widget elementor-widget-heading\" data-id=\"10fce1\" data-element_type=\"widget\" data-e-type=\"widget\" data-widget_type=\"heading.default\">\n\t\t\t\t<div class=\"elementor-widget-container\">\n\t\t\t\t\t<h1 class=\"elementor-heading-title elementor-size-small\"><br>Code erreur Peugeot - Citro\u00ebn - DS :<br>P0087 P0088 P1336 P1337 P1338 P1339 P1340 P2880<br><br>Code erreur MINI : <br>2C01 2EFE 2EFF 2F00 2F01 2F02 2EE0 2EE2 2EE4 2EE6 2EE7 2EE9 2EEA 2EED 2EEC 2EF0\nP0300 P0301 P0302 P0303 P0304<\/h1>\t\t\t\t<\/div>\n\t\t\t\t<\/div>\n\t\t\t\t<div class=\"elementor-element elementor-element-65ecc6fd elementor-widget-divider--view-line elementor-widget elementor-widget-divider\" data-id=\"65ecc6fd\" data-element_type=\"widget\" data-e-type=\"widget\" data-widget_type=\"divider.default\">\n\t\t\t\t<div class=\"elementor-widget-container\">\n\t\t\t\t\t\t\t<div class=\"elementor-divider\">\n\t\t\t<span class=\"elementor-divider-separator\">\n\t\t\t\t\t\t<\/span>\n\t\t<\/div>\n\t\t\t\t\t\t<\/div>\n\t\t\t\t<\/div>\n\t\t\t\t<div class=\"elementor-element elementor-element-1362ac59 elementor-widget elementor-widget-text-editor\" data-id=\"1362ac59\" data-element_type=\"widget\" data-e-type=\"widget\" data-widget_type=\"text-editor.default\">\n\t\t\t\t<div class=\"elementor-widget-container\">\n\t\t\t\t\t\t\t\t\t<p>Si vous \u00eates le propri\u00e9taire d&rsquo;un v\u00e9hicule \u00e9quip\u00e9 d&rsquo;un moteur 1.6 THP (Mini, Peugeot, Citro\u00ebn, DS), vous \u00eates probablement familier avec les probl\u00e8mes de pompe \u00e0 essence haute pression.<\/p>\n<p>Ces pompes ont la r\u00e9putation de tomber en panne \u00e0 un moment donn\u00e9, environ 100 000 km, ce qui peut entra\u00eener des d\u00e9penses importantes pour son remplacement car une pompe neuve co\u00fbte environ 900 \u20ac.<\/p>\n<p>Chez Wildmotor, nous avons une solution plus \u00e9conomique : la r\u00e9paration professionnelle de vos pompes \u00e0 essence haute pression (HPFP), c&rsquo;est simple envoyer nous la pompe et si elle est r\u00e9parable nous effectuons les travaux pour un tarif de <span style=\"text-decoration: underline;\"><strong>250 \u20ac TTC.<\/strong><\/span><\/p>\n<p>La r\u00e9paration est garantie 5000 km ou 6 mois.<\/p>\n<p><strong><span style=\"text-decoration: underline;\">Comment faire :<\/span><\/strong>&nbsp;<\/p>\n<p>Contactez-nous soit par mail ou par t\u00e9l\u00e9phone avant de nous envoyer la pompe.&nbsp;<\/p>\n<p>Ensuite une fois la pompe recue, nous v\u00e9rifions si elle est r\u00e9parable.&nbsp;<br><span style=\"font-style: inherit; font-weight: inherit; background-color: var( --e-global-color-astglobalcolor4 ); color: var(--ast-global-color-3);\">&#8211; Si elle l&rsquo;est l&rsquo;op\u00e9ration vous coutera 250 \u20ac + 10,7\u20ac de frais de livraison.<br><\/span><span style=\"background-color: var( --e-global-color-astglobalcolor4 ); color: var(--ast-global-color-3); font-style: inherit; font-weight: inherit;\">&#8211; Si elle ne l&rsquo;est pas l&rsquo;op\u00e9ration est gratuite, il restera seulement les frais de livraison \u00e0 r\u00e9gler pour vous la retourner.<\/span><\/p>\n<p><span style=\"text-decoration: underline;\"><strong>D\u00e9tecter la panne :&nbsp;<\/strong><\/span><\/p>\n<p>&#8211; Lecture des codes erreurs. <br>Si d\u00e9couverte de l&rsquo;un des codes erreurs indiqu\u00e9 dans la liste en haut de la page, vous pouvez nous envoyer la pompe.<\/p>\n<p>&#8211; V\u00e9rifier la capsule, comme sur la photo plus bas sur cette page, \u00e0 l&rsquo;aide d&rsquo;un pied \u00e0 coulisse.&nbsp;<br><span style=\"font-style: inherit; font-weight: inherit; background-color: var( --e-global-color-astglobalcolor4 ); color: var(--ast-global-color-3);\">Si sup\u00e9rieur \u00e0 24mm, vous pouvez nous envoyer la pompe.<\/span><\/p>\n<p>&#8211; Perte d&rsquo;\u00e9tancheit\u00e9 de la capsule. Simple fuite ou m\u00eame des cas de d\u00e9collement de la capsule qui tombe dans la baie moteur. <br>Cette panne est \u00e0 pr\u00e9sent r\u00e9parable dans nos locaux.<\/p>\n<p><span style=\"text-decoration: underline;\"><strong><span style=\"font-style: inherit; background-color: var( --e-global-color-astglobalcolor4 ); color: var(--ast-global-color-3); text-decoration: underline;\">Facilit\u00e9 de paiement:&nbsp;<\/span><\/strong><\/span><\/p>\n<p><span style=\"font-style: inherit; font-weight: inherit; background-color: var( --e-global-color-astglobalcolor4 ); color: var(--ast-global-color-3);\">Pour les possesseurs de compte Paypal, possibilit\u00e9 de paiement en 4 fois.<\/span><\/p>\t\t\t\t\t\t\t\t<\/div>\n\t\t\t\t<\/div>\n\t\t\t\t<div class=\"elementor-element elementor-element-7ba4bad2 elementor-mobile-align-left elementor-widget elementor-widget-button\" data-id=\"7ba4bad2\" data-element_type=\"widget\" data-e-type=\"widget\" data-widget_type=\"button.default\">\n\t\t\t\t<div class=\"elementor-widget-container\">\n\t\t\t\t\t\t\t\t\t<div class=\"elementor-button-wrapper\">\n\t\t\t\t\t<a class=\"elementor-button elementor-button-link elementor-size-md\" href=\"https:\/\/wildmotor.fr\/#rdv\">\n\t\t\t\t\t\t<span class=\"elementor-button-content-wrapper\">\n\t\t\t\t\t\t<span class=\"elementor-button-icon\">\n\t\t\t\t<i aria-hidden=\"true\" class=\"far fa-calendar-check\"><\/i>\t\t\t<\/span>\n\t\t\t\t\t\t\t\t\t<span class=\"elementor-button-text\">Prendre RDV<\/span>\n\t\t\t\t\t<\/span>\n\t\t\t\t\t<\/a>\n\t\t\t\t<\/div>\n\t\t\t\t\t\t\t\t<\/div>\n\t\t\t\t<\/div>\n\t\t\t\t\t<\/div>\n\t\t<\/div>\n\t\t\t\t\t<\/div>\n\t\t<\/section>\n\t\t\t\t<section class=\"elementor-section elementor-top-section elementor-element elementor-element-365db18e elementor-section-boxed elementor-section-height-default elementor-section-height-default\" data-id=\"365db18e\" data-element_type=\"section\" data-e-type=\"section\" data-settings=\"{&quot;background_background&quot;:&quot;classic&quot;}\">\n\t\t\t\t\t\t\t<div class=\"elementor-background-overlay\"><\/div>\n\t\t\t\t\t\t\t<div class=\"elementor-container elementor-column-gap-no\">\n\t\t\t\t\t<div class=\"elementor-column elementor-col-100 elementor-top-column elementor-element elementor-element-1fe96d35\" data-id=\"1fe96d35\" data-element_type=\"column\" data-e-type=\"column\">\n\t\t\t<div class=\"elementor-widget-wrap elementor-element-populated\">\n\t\t\t\t\t\t<div class=\"elementor-element elementor-element-6403ccc7 elementor-widget elementor-widget-heading\" data-id=\"6403ccc7\" data-element_type=\"widget\" data-e-type=\"widget\" data-widget_type=\"heading.default\">\n\t\t\t\t<div class=\"elementor-widget-container\">\n\t\t\t\t\t<h2 class=\"elementor-heading-title elementor-size-default\">La r\u00e9paration en d\u00e9tail<\/h2>\t\t\t\t<\/div>\n\t\t\t\t<\/div>\n\t\t\t\t<div class=\"elementor-element elementor-element-696f72cd elementor-widget-divider--view-line elementor-widget elementor-widget-divider\" data-id=\"696f72cd\" data-element_type=\"widget\" data-e-type=\"widget\" data-widget_type=\"divider.default\">\n\t\t\t\t<div class=\"elementor-widget-container\">\n\t\t\t\t\t\t\t<div class=\"elementor-divider\">\n\t\t\t<span class=\"elementor-divider-separator\">\n\t\t\t\t\t\t<\/span>\n\t\t<\/div>\n\t\t\t\t\t\t<\/div>\n\t\t\t\t<\/div>\n\t\t\t\t<div class=\"elementor-element elementor-element-af1fca7 elementor-widget elementor-widget-image-gallery\" data-id=\"af1fca7\" data-element_type=\"widget\" data-e-type=\"widget\" data-widget_type=\"image-gallery.default\">\n\t\t\t\t<div class=\"elementor-widget-container\">\n\t\t\t\t\t\t\t<div class=\"elementor-image-gallery\">\n\t\t\t<div id='gallery-1' class='gallery galleryid-2727 gallery-columns-4 gallery-size-thumbnail'><figure class='gallery-item'>\n\t\t\t<div class='gallery-icon portrait'>\n\t\t\t\t<a data-elementor-open-lightbox=\"yes\" data-elementor-lightbox-slideshow=\"af1fca7\" data-elementor-lightbox-title=\"D\u00e9montage du v\u00e9hicule\" data-e-action-hash=\"#elementor-action%3Aaction%3Dlightbox%26settings%3DeyJpZCI6MjcyOSwidXJsIjoiaHR0cHM6XC9cL3dpbGRtb3Rvci5mclwvd3AtY29udGVudFwvdXBsb2Fkc1wvMjAyM1wvMDlcL0RlbW9udGFnZS1kdS12ZWhpY3VsZS1zY2FsZWQuanBnIiwic2xpZGVzaG93IjoiYWYxZmNhNyJ9\" href='https:\/\/wildmotor.fr\/wp-content\/uploads\/2023\/09\/Demontage-du-vehicule-scaled.jpg'><img decoding=\"async\" width=\"150\" height=\"150\" src=\"https:\/\/wildmotor.fr\/wp-content\/uploads\/2023\/09\/Demontage-du-vehicule-150x150.jpg\" class=\"attachment-thumbnail size-thumbnail\" alt=\"\" \/><\/a>\n\t\t\t<\/div><\/figure><figure class='gallery-item'>\n\t\t\t<div class='gallery-icon portrait'>\n\t\t\t\t<a data-elementor-open-lightbox=\"yes\" data-elementor-lightbox-slideshow=\"af1fca7\" data-elementor-lightbox-title=\"Ouverture de la pompe\" data-e-action-hash=\"#elementor-action%3Aaction%3Dlightbox%26settings%3DeyJpZCI6MjczMCwidXJsIjoiaHR0cHM6XC9cL3dpbGRtb3Rvci5mclwvd3AtY29udGVudFwvdXBsb2Fkc1wvMjAyM1wvMDlcL091dmVydHVyZS1kZS1sYS1wb21wZS1zY2FsZWQuanBnIiwic2xpZGVzaG93IjoiYWYxZmNhNyJ9\" href='https:\/\/wildmotor.fr\/wp-content\/uploads\/2023\/09\/Ouverture-de-la-pompe-scaled.jpg'><img decoding=\"async\" width=\"150\" height=\"150\" src=\"https:\/\/wildmotor.fr\/wp-content\/uploads\/2023\/09\/Ouverture-de-la-pompe-150x150.jpg\" class=\"attachment-thumbnail size-thumbnail\" alt=\"\" \/><\/a>\n\t\t\t<\/div><\/figure><figure class='gallery-item'>\n\t\t\t<div class='gallery-icon landscape'>\n\t\t\t\t<a data-elementor-open-lightbox=\"yes\" data-elementor-lightbox-slideshow=\"af1fca7\" data-elementor-lightbox-title=\"V\u00e9rification rotor\" data-e-action-hash=\"#elementor-action%3Aaction%3Dlightbox%26settings%3DeyJpZCI6MjczNCwidXJsIjoiaHR0cHM6XC9cL3dpbGRtb3Rvci5mclwvd3AtY29udGVudFwvdXBsb2Fkc1wvMjAyM1wvMDlcL1ZlcmlmaWNhdGlvbi1yb3Rvci1zY2FsZWQuanBnIiwic2xpZGVzaG93IjoiYWYxZmNhNyJ9\" href='https:\/\/wildmotor.fr\/wp-content\/uploads\/2023\/09\/Verification-rotor-scaled.jpg'><img decoding=\"async\" width=\"150\" height=\"150\" src=\"https:\/\/wildmotor.fr\/wp-content\/uploads\/2023\/09\/Verification-rotor-150x150.jpg\" class=\"attachment-thumbnail size-thumbnail\" alt=\"\" \/><\/a>\n\t\t\t<\/div><\/figure><figure class='gallery-item'>\n\t\t\t<div class='gallery-icon landscape'>\n\t\t\t\t<a data-elementor-open-lightbox=\"yes\" data-elementor-lightbox-slideshow=\"af1fca7\" data-elementor-lightbox-title=\"Prise de mesure avant r\u00e9paration\" data-e-action-hash=\"#elementor-action%3Aaction%3Dlightbox%26settings%3DeyJpZCI6MjczMiwidXJsIjoiaHR0cHM6XC9cL3dpbGRtb3Rvci5mclwvd3AtY29udGVudFwvdXBsb2Fkc1wvMjAyM1wvMDlcL1ByaXNlLWRlLW1lc3VyZS1zY2FsZWQuanBnIiwic2xpZGVzaG93IjoiYWYxZmNhNyJ9\" href='https:\/\/wildmotor.fr\/wp-content\/uploads\/2023\/09\/Prise-de-mesure-scaled.jpg'><img loading=\"lazy\" decoding=\"async\" width=\"150\" height=\"150\" src=\"https:\/\/wildmotor.fr\/wp-content\/uploads\/2023\/09\/Prise-de-mesure-150x150.jpg\" class=\"attachment-thumbnail size-thumbnail\" alt=\"\" \/><\/a>\n\t\t\t<\/div><\/figure><figure class='gallery-item'>\n\t\t\t<div class='gallery-icon landscape'>\n\t\t\t\t<a data-elementor-open-lightbox=\"yes\" data-elementor-lightbox-slideshow=\"af1fca7\" data-elementor-lightbox-title=\"Vue \u00e9clat\u00e9e de la pompe\" data-e-action-hash=\"#elementor-action%3Aaction%3Dlightbox%26settings%3DeyJpZCI6MjczNSwidXJsIjoiaHR0cHM6XC9cL3dpbGRtb3Rvci5mclwvd3AtY29udGVudFwvdXBsb2Fkc1wvMjAyM1wvMDlcL1Z1ZS1lY2xhdGVlLWRlLWxhLXBvbXBlLXNjYWxlZC5qcGciLCJzbGlkZXNob3ciOiJhZjFmY2E3In0%3D\" href='https:\/\/wildmotor.fr\/wp-content\/uploads\/2023\/09\/Vue-eclatee-de-la-pompe-scaled.jpg'><img loading=\"lazy\" decoding=\"async\" width=\"150\" height=\"150\" src=\"https:\/\/wildmotor.fr\/wp-content\/uploads\/2023\/09\/Vue-eclatee-de-la-pompe-150x150.jpg\" class=\"attachment-thumbnail size-thumbnail\" alt=\"\" \/><\/a>\n\t\t\t<\/div><\/figure><figure class='gallery-item'>\n\t\t\t<div class='gallery-icon landscape'>\n\t\t\t\t<a data-elementor-open-lightbox=\"yes\" data-elementor-lightbox-slideshow=\"af1fca7\" data-elementor-lightbox-title=\"Percage\" data-e-action-hash=\"#elementor-action%3Aaction%3Dlightbox%26settings%3DeyJpZCI6MjczMSwidXJsIjoiaHR0cHM6XC9cL3dpbGRtb3Rvci5mclwvd3AtY29udGVudFwvdXBsb2Fkc1wvMjAyM1wvMDlcL1BlcmNhZ2UuanBnIiwic2xpZGVzaG93IjoiYWYxZmNhNyJ9\" href='https:\/\/wildmotor.fr\/wp-content\/uploads\/2023\/09\/Percage.jpg'><img loading=\"lazy\" decoding=\"async\" width=\"150\" height=\"150\" src=\"https:\/\/wildmotor.fr\/wp-content\/uploads\/2023\/09\/Percage-150x150.jpg\" class=\"attachment-thumbnail size-thumbnail\" alt=\"\" \/><\/a>\n\t\t\t<\/div><\/figure><figure class='gallery-item'>\n\t\t\t<div class='gallery-icon portrait'>\n\t\t\t\t<a data-elementor-open-lightbox=\"yes\" data-elementor-lightbox-slideshow=\"af1fca7\" data-elementor-lightbox-title=\"R\u00e9paration\" data-e-action-hash=\"#elementor-action%3Aaction%3Dlightbox%26settings%3DeyJpZCI6MjczMywidXJsIjoiaHR0cHM6XC9cL3dpbGRtb3Rvci5mclwvd3AtY29udGVudFwvdXBsb2Fkc1wvMjAyM1wvMDlcL1JlcGFyYXRpb24uanBnIiwic2xpZGVzaG93IjoiYWYxZmNhNyJ9\" href='https:\/\/wildmotor.fr\/wp-content\/uploads\/2023\/09\/Reparation.jpg'><img loading=\"lazy\" decoding=\"async\" width=\"150\" height=\"150\" src=\"https:\/\/wildmotor.fr\/wp-content\/uploads\/2023\/09\/Reparation-150x150.jpg\" class=\"attachment-thumbnail size-thumbnail\" alt=\"\" \/><\/a>\n\t\t\t<\/div><\/figure>\n\t\t<\/div>\n\t\t<\/div>\n\t\t\t\t\t\t<\/div>\n\t\t\t\t<\/div>\n\t\t\t\t\t<\/div>\n\t\t<\/div>\n\t\t\t\t\t<\/div>\n\t\t<\/section>\n\t\t\t\t<section class=\"elementor-section elementor-top-section elementor-element elementor-element-273afcb7 elementor-section-boxed elementor-section-height-default elementor-section-height-default\" data-id=\"273afcb7\" data-element_type=\"section\" data-e-type=\"section\" id=\"tarifs\">\n\t\t\t\t\t\t<div class=\"elementor-container elementor-column-gap-no\">\n\t\t\t\t\t<div class=\"elementor-column elementor-col-100 elementor-top-column elementor-element elementor-element-21145d85\" data-id=\"21145d85\" data-element_type=\"column\" data-e-type=\"column\">\n\t\t\t<div class=\"elementor-widget-wrap elementor-element-populated\">\n\t\t\t\t\t\t<section class=\"elementor-section elementor-inner-section elementor-element elementor-element-35a8fe92 elementor-section-boxed elementor-section-height-default elementor-section-height-default\" data-id=\"35a8fe92\" data-element_type=\"section\" data-e-type=\"section\">\n\t\t\t\t\t\t<div class=\"elementor-container elementor-column-gap-no\">\n\t\t\t\t\t<div class=\"elementor-column elementor-col-50 elementor-inner-column elementor-element elementor-element-17a105ed\" data-id=\"17a105ed\" data-element_type=\"column\" data-e-type=\"column\">\n\t\t\t<div class=\"elementor-widget-wrap elementor-element-populated\">\n\t\t\t\t\t\t<div class=\"elementor-element elementor-element-5809c00a elementor-widget elementor-widget-heading\" data-id=\"5809c00a\" data-element_type=\"widget\" data-e-type=\"widget\" data-widget_type=\"heading.default\">\n\t\t\t\t<div class=\"elementor-widget-container\">\n\t\t\t\t\t<h2 class=\"elementor-heading-title elementor-size-default\">Les v\u00e9hicules affect\u00e9s par cette panne<\/h2>\t\t\t\t<\/div>\n\t\t\t\t<\/div>\n\t\t\t\t<div class=\"elementor-element elementor-element-22972240 elementor-widget-divider--view-line elementor-widget elementor-widget-divider\" data-id=\"22972240\" data-element_type=\"widget\" data-e-type=\"widget\" data-widget_type=\"divider.default\">\n\t\t\t\t<div class=\"elementor-widget-container\">\n\t\t\t\t\t\t\t<div class=\"elementor-divider\">\n\t\t\t<span class=\"elementor-divider-separator\">\n\t\t\t\t\t\t<\/span>\n\t\t<\/div>\n\t\t\t\t\t\t<\/div>\n\t\t\t\t<\/div>\n\t\t\t\t<div class=\"elementor-element elementor-element-76fe3d65 elementor-widget elementor-widget-text-editor\" data-id=\"76fe3d65\" data-element_type=\"widget\" data-e-type=\"widget\" data-widget_type=\"text-editor.default\">\n\t\t\t\t<div class=\"elementor-widget-container\">\n\t\t\t\t\t\t\t\t\t<ul>\n<li>Mini Clubman 163 CV \/ 174 CV \/ 184CV \/ 192 CV \/ 200 CV \/ 211 CV<\/li>\n<li>Mini Cooper S 163 CV \/ 174 CV \/ 184 CV \/ 192 CV \/ 200 CV \/ 211 CV \/ 218 CV<\/li>\n<li style=\"font-size: 16px;\">Mini Cabriolet 163 CV \/ 174 CV \/ 184 CV \/ 192 CV \/ 200 CV \/ 211 CV<\/li>\n<li style=\"font-size: 16px;\">Mini Coupe 163 CV \/ 184 CV \/ 200 CV \/ 211 CV<\/li>\n<li style=\"font-size: 16px;\">Mini Roadster 211 CV<\/li>\n<li>Mini Countryman Cooper S 163 CV \/ 184 CV \/ 200 CV<\/li>\n<li>Peugeot 207 RC 174 CV<\/li>\n<li>Peugeot 207 (CC et SW) 150 CV \/ 156 CV<\/li>\n<li>Peugeot 208 156 CV<\/li>\n<li>Peugeot 308 (CC et SW) 140 CV \/ 150 CV \/ 156 CV \/ 163 CV \/ 174 CV<\/li>\n<li>Peugeot 308 II (SW) 125CV \/ 156 CV \/ 163 CV<\/li>\n<li>Peugeot 3008 150 CV \/ 156 CV \/ 163 CV<\/li>\n<li>Peugeot 5008 150 CV \/ 156 CV<\/li>\n<li>Peugeot 508 (SW) 150 CV \/ 156 CV<\/li>\n<li>Peugeot RCZ 150 CV \/ 156 CV \/ 165 CV<\/li>\n<li>Citro\u00ebn C4 140 CV \/ 150 CV<\/li>\n<li>Citro\u00ebn C4 II 156 CV<\/li>\n<li>Citro\u00ebn C4 II Berline 150 CV<\/li>\n<li>Citro\u00ebn C4 Picasso et Grand Picasso 140 CV \/ 150 CV \/ 156 CV<\/li>\n<li>Citro\u00ebn C4 II Picasso et Grand Picasso 150 CV \/ 156 CV<\/li>\n<li>Citro\u00ebn C5 III Berline et Break 150 CV \/ 156 CV<\/li>\n<li>Citro\u00ebn DS3 et cabriolet 150 CV \/ 156 CV \/ 163 CV \/ 203 CV \/ 207 CV<\/li>\n<li>Citro\u00ebn DS4 150 CV \/ 156 CV \/ 163 CV \/ 165 CV<\/li>\n<li>Citro\u00ebn DS5 150 CV \/ 156 CV \/ 165 CV<\/li>\n<li>DS DS4 150 CV \/ 163 CV<\/li><li>&#8230;.<\/li>\n<\/ul>\t\t\t\t\t\t\t\t<\/div>\n\t\t\t\t<\/div>\n\t\t\t\t\t<\/div>\n\t\t<\/div>\n\t\t\t\t<div class=\"elementor-column elementor-col-50 elementor-inner-column elementor-element elementor-element-71ac147a\" data-id=\"71ac147a\" data-element_type=\"column\" data-e-type=\"column\">\n\t\t\t<div class=\"elementor-widget-wrap elementor-element-populated\">\n\t\t\t\t\t\t\t<\/div>\n\t\t<\/div>\n\t\t\t\t\t<\/div>\n\t\t<\/section>\n\t\t\t\t\t<\/div>\n\t\t<\/div>\n\t\t\t\t\t<\/div>\n\t\t<\/section>\n\t\t\t\t<\/div>\n\t\t","protected":false},"excerpt":{"rendered":"<p>R\u00e9paration pompe \u00e0 essence haute pression 1.6 THP \u00e0 250 \u20ac TTC Code erreur Peugeot &#8211; Citro\u00ebn &#8211; DS :P0087 P0088 P1336 P1337 P1338 P1339 P1340 P2880 Code erreur MINI : 2C01 2EFE 2EFF 2F00 2F01 2F02 2EE0 2EE2 2EE4 2EE6 2EE7 2EE9 2EEA 2EED 2EEC 2EF0 P0300 P0301 P0302 P0303 P0304 Si vous \u00eates [&hellip;]<\/p>\n","protected":false},"author":1,"featured_media":0,"parent":0,"menu_order":0,"comment_status":"closed","ping_status":"closed","template":"","meta":{"om_disable_all_campaigns":false,"_monsterinsights_skip_tracking":false,"_monsterinsights_sitenote_active":false,"_monsterinsights_sitenote_note":"","_monsterinsights_sitenote_category":0,"site-sidebar-layout":"no-sidebar","site-content-layout":"page-builder","ast-site-content-layout":"full-width-container","site-content-style":"default","site-sidebar-style":"default","ast-global-header-display":"","ast-banner-title-visibility":"","ast-main-header-display":"","ast-hfb-above-header-display":"","ast-hfb-below-header-display":"","ast-hfb-mobile-header-display":"","site-post-title":"disabled","ast-breadcrumbs-content":"","ast-featured-img":"disabled","footer-sml-layout":"","ast-disable-related-posts":"","theme-transparent-header-meta":"","adv-header-id-meta":"","stick-header-meta":"","header-above-stick-meta":"","header-main-stick-meta":"","header-below-stick-meta":"","astra-migrate-meta-layouts":"set","ast-page-background-enabled":"default","ast-page-background-meta":{"desktop":{"background-color":"","background-image":"","background-repeat":"repeat","background-position":"center center","background-size":"auto","background-attachment":"scroll","background-type":"","background-media":"","overlay-type":"","overlay-color":"","overlay-opacity":"","overlay-gradient":""},"tablet":{"background-color":"","background-image":"","background-repeat":"repeat","background-position":"center center","background-size":"auto","background-attachment":"scroll","background-type":"","background-media":"","overlay-type":"","overlay-color":"","overlay-opacity":"","overlay-gradient":""},"mobile":{"background-color":"","background-image":"","background-repeat":"repeat","background-position":"center center","background-size":"auto","background-attachment":"scroll","background-type":"","background-media":"","overlay-type":"","overlay-color":"","overlay-opacity":"","overlay-gradient":""}},"ast-content-background-meta":{"desktop":{"background-color":"var(--ast-global-color-5)","background-image":"","background-repeat":"repeat","background-position":"center center","background-size":"auto","background-attachment":"scroll","background-type":"","background-media":"","overlay-type":"","overlay-color":"","overlay-opacity":"","overlay-gradient":""},"tablet":{"background-color":"var(--ast-global-color-5)","background-image":"","background-repeat":"repeat","background-position":"center center","background-size":"auto","background-attachment":"scroll","background-type":"","background-media":"","overlay-type":"","overlay-color":"","overlay-opacity":"","overlay-gradient":""},"mobile":{"background-color":"var(--ast-global-color-5)","background-image":"","background-repeat":"repeat","background-position":"center center","background-size":"auto","background-attachment":"scroll","background-type":"","background-media":"","overlay-type":"","overlay-color":"","overlay-opacity":"","overlay-gradient":""}},"footnotes":""},"class_list":["post-2727","page","type-page","status-publish","hentry"],"aioseo_notices":[],"_links":{"self":[{"href":"https:\/\/wildmotor.fr\/index.php\/wp-json\/wp\/v2\/pages\/2727","targetHints":{"allow":["GET"]}}],"collection":[{"href":"https:\/\/wildmotor.fr\/index.php\/wp-json\/wp\/v2\/pages"}],"about":[{"href":"https:\/\/wildmotor.fr\/index.php\/wp-json\/wp\/v2\/types\/page"}],"author":[{"embeddable":true,"href":"https:\/\/wildmotor.fr\/index.php\/wp-json\/wp\/v2\/users\/1"}],"replies":[{"embeddable":true,"href":"https:\/\/wildmotor.fr\/index.php\/wp-json\/wp\/v2\/comments?post=2727"}],"version-history":[{"count":50,"href":"https:\/\/wildmotor.fr\/index.php\/wp-json\/wp\/v2\/pages\/2727\/revisions"}],"predecessor-version":[{"id":2903,"href":"https:\/\/wildmotor.fr\/index.php\/wp-json\/wp\/v2\/pages\/2727\/revisions\/2903"}],"wp:attachment":[{"href":"https:\/\/wildmotor.fr\/index.php\/wp-json\/wp\/v2\/media?parent=2727"}],"curies":[{"name":"wp","href":"https:\/\/api.w.org\/{rel}","templated":true}]}}