{"id":2868,"date":"2025-09-13T08:59:59","date_gmt":"2025-09-13T07:59:59","guid":{"rendered":"https:\/\/wildmotor.fr\/?page_id=2868"},"modified":"2025-09-13T09:51:18","modified_gmt":"2025-09-13T08:51:18","slug":"dsg7dq381","status":"publish","type":"page","link":"https:\/\/wildmotor.fr\/index.php\/dsg7dq381\/","title":{"rendered":"Wildmotor R\u00e9paration DSG7 &#8211; DQ380 \/ DQ381 \/ DQ500"},"content":{"rendered":"\t\t<div data-elementor-type=\"wp-post\" data-elementor-id=\"2868\" class=\"elementor elementor-2868\">\n\t\t\t\t\t\t<section class=\"elementor-section elementor-top-section elementor-element elementor-element-f942dff elementor-section-boxed elementor-section-height-default elementor-section-height-default\" data-id=\"f942dff\" data-element_type=\"section\" data-e-type=\"section\" data-settings=\"{&quot;background_background&quot;:&quot;classic&quot;}\">\n\t\t\t\t\t\t\t<div class=\"elementor-background-overlay\"><\/div>\n\t\t\t\t\t\t\t<div class=\"elementor-container elementor-column-gap-no\">\n\t\t\t\t\t<div class=\"elementor-column elementor-col-100 elementor-top-column elementor-element elementor-element-d189030\" data-id=\"d189030\" data-element_type=\"column\" data-e-type=\"column\" data-settings=\"{&quot;background_background&quot;:&quot;classic&quot;}\">\n\t\t\t<div class=\"elementor-widget-wrap elementor-element-populated\">\n\t\t\t\t\t\t<div class=\"elementor-element elementor-element-093d1c4 elementor-widget elementor-widget-heading\" data-id=\"093d1c4\" data-element_type=\"widget\" data-e-type=\"widget\" data-widget_type=\"heading.default\">\n\t\t\t\t<div class=\"elementor-widget-container\">\n\t\t\t\t\t<h6 class=\"elementor-heading-title elementor-size-default\">R\u00e9paration DSG7(Bo\u00eete et m\u00e9catronique)<\/h6>\t\t\t\t<\/div>\n\t\t\t\t<\/div>\n\t\t\t\t<div class=\"elementor-element elementor-element-c4c6543 elementor-widget elementor-widget-heading\" data-id=\"c4c6543\" data-element_type=\"widget\" data-e-type=\"widget\" data-widget_type=\"heading.default\">\n\t\t\t\t<div class=\"elementor-widget-container\">\n\t\t\t\t\t<h1 class=\"elementor-heading-title elementor-size-default\">R\u00e9paration Experte des Bo\u00eetes de Vitesse DSG7 du Groupe VAG<\/h1>\t\t\t\t<\/div>\n\t\t\t\t<\/div>\n\t\t\t\t<div class=\"elementor-element elementor-element-c3cf7a1 elementor-widget-divider--view-line elementor-widget elementor-widget-divider\" data-id=\"c3cf7a1\" data-element_type=\"widget\" data-e-type=\"widget\" data-widget_type=\"divider.default\">\n\t\t\t\t<div class=\"elementor-widget-container\">\n\t\t\t\t\t\t\t<div class=\"elementor-divider\">\n\t\t\t<span class=\"elementor-divider-separator\">\n\t\t\t\t\t\t<\/span>\n\t\t<\/div>\n\t\t\t\t\t\t<\/div>\n\t\t\t\t<\/div>\n\t\t\t\t<div class=\"elementor-element elementor-element-b7a5156 elementor-widget elementor-widget-text-editor\" data-id=\"b7a5156\" data-element_type=\"widget\" data-e-type=\"widget\" data-widget_type=\"text-editor.default\">\n\t\t\t\t<div class=\"elementor-widget-container\">\n\t\t\t\t\t\t\t\t\t<p>Votre v\u00e9hicule \u00e9quip\u00e9 d&rsquo;une bo\u00eete de vitesse DSG7 type DQ380\/DQ381\/DQ500 conna\u00eet des probl\u00e8mes ? Vous \u00eates au bon endroit !<\/p><p>Pannes r\u00e9currente : <strong>P1735 \/ P1736<\/strong><\/p><p>Chez Wildmotor, nous sommes les sp\u00e9cialistes de la r\u00e9paration et de l&rsquo;entretien des bo\u00eetes de vitesse DSG7, qui \u00e9quipent de nombreuses marques du groupe VAG, telles que Volkswagen, Audi, SEAT, et \u0160koda.<\/p>\t\t\t\t\t\t\t\t<\/div>\n\t\t\t\t<\/div>\n\t\t\t\t<div class=\"elementor-element elementor-element-03d882e elementor-mobile-align-left elementor-widget elementor-widget-button\" data-id=\"03d882e\" data-element_type=\"widget\" data-e-type=\"widget\" data-widget_type=\"button.default\">\n\t\t\t\t<div class=\"elementor-widget-container\">\n\t\t\t\t\t\t\t\t\t<div class=\"elementor-button-wrapper\">\n\t\t\t\t\t<a class=\"elementor-button elementor-button-link elementor-size-md\" href=\"https:\/\/wildmotor.fr\/#rdv\">\n\t\t\t\t\t\t<span class=\"elementor-button-content-wrapper\">\n\t\t\t\t\t\t<span class=\"elementor-button-icon\">\n\t\t\t\t<i aria-hidden=\"true\" class=\"far fa-calendar-check\"><\/i>\t\t\t<\/span>\n\t\t\t\t\t\t\t\t\t<span class=\"elementor-button-text\">Prendre RDV<\/span>\n\t\t\t\t\t<\/span>\n\t\t\t\t\t<\/a>\n\t\t\t\t<\/div>\n\t\t\t\t\t\t\t\t<\/div>\n\t\t\t\t<\/div>\n\t\t\t\t\t<\/div>\n\t\t<\/div>\n\t\t\t\t\t<\/div>\n\t\t<\/section>\n\t\t\t\t<section class=\"elementor-section elementor-top-section elementor-element elementor-element-64354e1 elementor-section-boxed elementor-section-height-default elementor-section-height-default\" data-id=\"64354e1\" data-element_type=\"section\" data-e-type=\"section\">\n\t\t\t\t\t\t<div class=\"elementor-container elementor-column-gap-default\">\n\t\t\t\t\t<div class=\"elementor-column elementor-col-100 elementor-top-column elementor-element elementor-element-4b817b8\" data-id=\"4b817b8\" data-element_type=\"column\" data-e-type=\"column\">\n\t\t\t<div class=\"elementor-widget-wrap elementor-element-populated\">\n\t\t\t\t\t\t<section class=\"elementor-section elementor-inner-section elementor-element elementor-element-ac9db54 elementor-section-boxed elementor-section-height-default elementor-section-height-default\" data-id=\"ac9db54\" data-element_type=\"section\" data-e-type=\"section\">\n\t\t\t\t\t\t<div class=\"elementor-container elementor-column-gap-no\">\n\t\t\t\t\t<div class=\"elementor-column elementor-col-50 elementor-inner-column elementor-element elementor-element-72f6431\" data-id=\"72f6431\" data-element_type=\"column\" data-e-type=\"column\">\n\t\t\t<div class=\"elementor-widget-wrap elementor-element-populated\">\n\t\t\t\t\t\t<div class=\"elementor-element elementor-element-068395b elementor-widget elementor-widget-heading\" data-id=\"068395b\" data-element_type=\"widget\" data-e-type=\"widget\" data-widget_type=\"heading.default\">\n\t\t\t\t<div class=\"elementor-widget-container\">\n\t\t\t\t\t<h2 class=\"elementor-heading-title elementor-size-default\">nos solutions :<\/h2>\t\t\t\t<\/div>\n\t\t\t\t<\/div>\n\t\t\t\t<div class=\"elementor-element elementor-element-9534d7c elementor-widget-divider--view-line elementor-widget elementor-widget-divider\" data-id=\"9534d7c\" data-element_type=\"widget\" data-e-type=\"widget\" data-widget_type=\"divider.default\">\n\t\t\t\t<div class=\"elementor-widget-container\">\n\t\t\t\t\t\t\t<div class=\"elementor-divider\">\n\t\t\t<span class=\"elementor-divider-separator\">\n\t\t\t\t\t\t<\/span>\n\t\t<\/div>\n\t\t\t\t\t\t<\/div>\n\t\t\t\t<\/div>\n\t\t\t\t<div class=\"elementor-element elementor-element-5541c58 elementor-widget elementor-widget-text-editor\" data-id=\"5541c58\" data-element_type=\"widget\" data-e-type=\"widget\" data-widget_type=\"text-editor.default\">\n\t\t\t\t<div class=\"elementor-widget-container\">\n\t\t\t\t\t\t\t\t\t<ul><li>Nous sommes \u00e9quip\u00e9s pour les interventions de remplacement du double embrayage.\u00a0<\/li><li>Nous effectuons la vidange de la bo\u00eete.<\/li><li>La r\u00e9paration du m\u00e9catronique, quand cela est possible, se caract\u00e9rise par le changement des capteurs ou (et) d&rsquo;\u00e9lectrovannes, ainsi vous pouvez conserver votre ancien m\u00e9catronique et \u00e9viter l&rsquo;achat d&rsquo;un neuf complet \u00e0 plus de 2600 \u20ac.<\/li><\/ul>\t\t\t\t\t\t\t\t<\/div>\n\t\t\t\t<\/div>\n\t\t\t\t\t<\/div>\n\t\t<\/div>\n\t\t\t\t<div class=\"elementor-column elementor-col-50 elementor-inner-column elementor-element elementor-element-1790a7a\" data-id=\"1790a7a\" data-element_type=\"column\" data-e-type=\"column\">\n\t\t\t<div class=\"elementor-widget-wrap elementor-element-populated\">\n\t\t\t\t\t\t<div class=\"elementor-element elementor-element-94761fa elementor-widget elementor-widget-image\" data-id=\"94761fa\" data-element_type=\"widget\" data-e-type=\"widget\" data-widget_type=\"image.default\">\n\t\t\t\t<div class=\"elementor-widget-container\">\n\t\t\t\t\t\t\t\t\t\t\t\t\t\t\t<img fetchpriority=\"high\" decoding=\"async\" width=\"507\" height=\"492\" src=\"https:\/\/wildmotor.fr\/wp-content\/uploads\/2025\/09\/dq381Z-removebg-preview.png\" class=\"attachment-large size-large wp-image-2886\" alt=\"\" srcset=\"https:\/\/wildmotor.fr\/wp-content\/uploads\/2025\/09\/dq381Z-removebg-preview.png 507w, https:\/\/wildmotor.fr\/wp-content\/uploads\/2025\/09\/dq381Z-removebg-preview-300x291.png 300w\" sizes=\"(max-width: 507px) 100vw, 507px\" \/>\t\t\t\t\t\t\t\t\t\t\t\t\t\t\t<\/div>\n\t\t\t\t<\/div>\n\t\t\t\t\t<\/div>\n\t\t<\/div>\n\t\t\t\t\t<\/div>\n\t\t<\/section>\n\t\t\t\t\t<\/div>\n\t\t<\/div>\n\t\t\t\t\t<\/div>\n\t\t<\/section>\n\t\t\t\t<section class=\"elementor-section elementor-top-section elementor-element elementor-element-937c80c elementor-section-boxed elementor-section-height-default elementor-section-height-default\" data-id=\"937c80c\" data-element_type=\"section\" data-e-type=\"section\" data-settings=\"{&quot;background_background&quot;:&quot;classic&quot;}\">\n\t\t\t\t\t\t\t<div class=\"elementor-background-overlay\"><\/div>\n\t\t\t\t\t\t\t<div class=\"elementor-container elementor-column-gap-no\">\n\t\t\t\t\t<div class=\"elementor-column elementor-col-100 elementor-top-column elementor-element elementor-element-7808828\" data-id=\"7808828\" data-element_type=\"column\" data-e-type=\"column\">\n\t\t\t<div class=\"elementor-widget-wrap elementor-element-populated\">\n\t\t\t\t\t\t<div class=\"elementor-element elementor-element-0fffdfc elementor-widget elementor-widget-heading\" data-id=\"0fffdfc\" data-element_type=\"widget\" data-e-type=\"widget\" data-widget_type=\"heading.default\">\n\t\t\t\t<div class=\"elementor-widget-container\">\n\t\t\t\t\t<h2 class=\"elementor-heading-title elementor-size-default\">Exemple d'intervention DQ380 \/ DQ381 \/ DQ500<\/h2>\t\t\t\t<\/div>\n\t\t\t\t<\/div>\n\t\t\t\t<div class=\"elementor-element elementor-element-38d3ea9 elementor-widget-divider--view-line elementor-widget elementor-widget-divider\" data-id=\"38d3ea9\" data-element_type=\"widget\" data-e-type=\"widget\" data-widget_type=\"divider.default\">\n\t\t\t\t<div class=\"elementor-widget-container\">\n\t\t\t\t\t\t\t<div class=\"elementor-divider\">\n\t\t\t<span class=\"elementor-divider-separator\">\n\t\t\t\t\t\t<\/span>\n\t\t<\/div>\n\t\t\t\t\t\t<\/div>\n\t\t\t\t<\/div>\n\t\t\t\t\t<\/div>\n\t\t<\/div>\n\t\t\t\t\t<\/div>\n\t\t<\/section>\n\t\t\t\t<section class=\"elementor-section elementor-top-section elementor-element elementor-element-54328e6 elementor-section-boxed elementor-section-height-default elementor-section-height-default\" data-id=\"54328e6\" data-element_type=\"section\" data-e-type=\"section\">\n\t\t\t\t\t\t<div class=\"elementor-container elementor-column-gap-default\">\n\t\t\t\t\t<div class=\"elementor-column elementor-col-100 elementor-top-column elementor-element elementor-element-befc3a2\" data-id=\"befc3a2\" data-element_type=\"column\" data-e-type=\"column\">\n\t\t\t<div class=\"elementor-widget-wrap elementor-element-populated\">\n\t\t\t\t\t\t<section class=\"elementor-section elementor-inner-section elementor-element elementor-element-2250eb2 elementor-section-boxed elementor-section-height-default elementor-section-height-default\" data-id=\"2250eb2\" data-element_type=\"section\" data-e-type=\"section\">\n\t\t\t\t\t\t<div class=\"elementor-container elementor-column-gap-no\">\n\t\t\t\t\t<div class=\"elementor-column elementor-col-50 elementor-inner-column elementor-element elementor-element-90733ac\" data-id=\"90733ac\" data-element_type=\"column\" data-e-type=\"column\">\n\t\t\t<div class=\"elementor-widget-wrap elementor-element-populated\">\n\t\t\t\t\t\t<div class=\"elementor-element elementor-element-b6d39c0 elementor-widget elementor-widget-heading\" data-id=\"b6d39c0\" data-element_type=\"widget\" data-e-type=\"widget\" data-widget_type=\"heading.default\">\n\t\t\t\t<div class=\"elementor-widget-container\">\n\t\t\t\t\t<h2 class=\"elementor-heading-title elementor-size-default\">Pourquoi Faire Confiance \u00e0 Wildmotor pour Votre Bo\u00eete de Vitesse DSG7 ?<\/h2>\t\t\t\t<\/div>\n\t\t\t\t<\/div>\n\t\t\t\t<div class=\"elementor-element elementor-element-3341ee2 elementor-widget-divider--view-line elementor-widget elementor-widget-divider\" data-id=\"3341ee2\" data-element_type=\"widget\" data-e-type=\"widget\" data-widget_type=\"divider.default\">\n\t\t\t\t<div class=\"elementor-widget-container\">\n\t\t\t\t\t\t\t<div class=\"elementor-divider\">\n\t\t\t<span class=\"elementor-divider-separator\">\n\t\t\t\t\t\t<\/span>\n\t\t<\/div>\n\t\t\t\t\t\t<\/div>\n\t\t\t\t<\/div>\n\t\t\t\t<div class=\"elementor-element elementor-element-49b27b9 elementor-widget elementor-widget-text-editor\" data-id=\"49b27b9\" data-element_type=\"widget\" data-e-type=\"widget\" data-widget_type=\"text-editor.default\">\n\t\t\t\t<div class=\"elementor-widget-container\">\n\t\t\t\t\t\t\t\t\t<p>Les bo\u00eetes de vitesse DSG7 sont connues pour leur efficacit\u00e9 et leur performance, mais aussi pour leurs probl\u00e8mes c&rsquo;est pour cela qu&rsquo;elles n\u00e9cessitent un entretien et des r\u00e9parations sp\u00e9cialis\u00e9s.&nbsp;<\/p>\n<p>Voici pourquoi Wildmotor est le meilleur choix dans le Beaujolais pour vos besoins de r\u00e9paration de bo\u00eete de vitesse DSG7 :<\/p>\n<ul>\n<li>Expertise : Nous comprenons en profondeur la technologie complexe qui compose les bo\u00eetes de vitesse DSG7, ce qui nous permet de diagnostiquer rapidement et pr\u00e9cis\u00e9ment les probl\u00e8mes.<\/li>\n<li>Pi\u00e8ces de qualit\u00e9 : Nous n&rsquo;utilisons que des pi\u00e8ces de rechange de qualit\u00e9 sup\u00e9rieure, garantissant ainsi la durabilit\u00e9 et la fiabilit\u00e9 de nos r\u00e9parations.<\/li>\n<li>Tarifs comp\u00e9titifs : Nous proposons des tarifs comp\u00e9titifs pour nos services de r\u00e9paration et d&rsquo;entretien, vous offrant une solution \u00e9conomique sans compromis sur la qualit\u00e9.<\/li>\n<\/ul>\n<p>Reprenez la Route en Toute Confiance !<\/p>\n<p>Ne laissez pas une bo\u00eete de vitesse d\u00e9fectueuse vous priver du plaisir de conduire votre v\u00e9hicule du groupe VAG. Contactez-nous d\u00e8s aujourd&rsquo;hui pour obtenir un diagnostic professionnel de votre bo\u00eete de vitesse DSG7, et laissez-nous restaurer la performance et la fiabilit\u00e9 de votre v\u00e9hicule.<\/p>\n<p>Votre satisfaction est notre priorit\u00e9 absolue.<\/p>\n<p><span style=\"text-decoration: underline;\"><strong>Panne du m\u00e9catronique ou de la boite ?<\/strong><\/span><\/p>\n<p><span style=\"text-decoration: underline;\">C&rsquo;est la bo\u00eete :<\/span>&nbsp;<\/p>\n<p><span style=\"color: var(--ast-global-color-3); font-style: inherit; font-weight: inherit;\">G\u00e9n\u00e9ralement, sur ce type de bo\u00eete les soucis sont surtout concentr\u00e9 sur le double embrayage et le volant moteur \u00e0 changer.&nbsp;<\/span><\/p>\n<p><span style=\"color: var(--ast-global-color-3); font-style: inherit; font-weight: inherit;\">Les symptomes les plus communs : Latence pour enclencher la marche arri\u00e8re ou la premi\u00e8re (voir les deux), avec souvent un accoup important si on accel\u00e8re, parfois provoquant un bruit important. Des accoups \u00e0 certains passage de vitesses.<\/span><\/p>\n<p>Les VW TRANSPORTER, sont sujets \u00e0 des pannes particuli\u00e8res (synchros qui cassent et des \u00e9lements du differentiel).<\/p>\n<p><span style=\"text-decoration: underline;\">C&rsquo;est le m\u00e9catronique :&nbsp;<\/span><\/p>\n<p>Perte des vitesses paires : Code d\u00e9faut <strong>P1736<br><\/strong>Solution : Changement du capteur de position, possible chez nous. Soit envoi du m\u00e9catronique, soit sur v\u00e9hicule.<\/p>\n<p>Perte des vitesses impaires : Code d\u00e9faut <strong>P1735<br><\/strong>Solution : Changement du capteur de position, possible chez nous. Soit envoi du m\u00e9catronique, soit sur v\u00e9hicule.<\/p>\n<p>Codes <strong>P0607 \/ P175E \/ P175F \/ P176F \/ P0805 \/ P0810<\/strong>: nous contacter<\/p>\n<p>Besoin de clonage du TCU :&nbsp;<br>Nous avons tous l&rsquo;\u00e9quipement pour cloner les DQ380 \/ DQ381 \/ DQ500.<\/p>\n<p>Fort d&rsquo;une tr\u00e8s longue exp\u00e9rience sur la DSG7, aucun souci pour s&rsquo;occuper de votre boite.<\/p>\t\t\t\t\t\t\t\t<\/div>\n\t\t\t\t<\/div>\n\t\t\t\t\t<\/div>\n\t\t<\/div>\n\t\t\t\t<div class=\"elementor-column elementor-col-50 elementor-inner-column elementor-element elementor-element-dd4c414\" data-id=\"dd4c414\" data-element_type=\"column\" data-e-type=\"column\">\n\t\t\t<div class=\"elementor-widget-wrap elementor-element-populated\">\n\t\t\t\t\t\t\t<\/div>\n\t\t<\/div>\n\t\t\t\t\t<\/div>\n\t\t<\/section>\n\t\t\t\t\t<\/div>\n\t\t<\/div>\n\t\t\t\t\t<\/div>\n\t\t<\/section>\n\t\t\t\t<\/div>\n\t\t","protected":false},"excerpt":{"rendered":"<p>R\u00e9paration DSG7(Bo\u00eete et m\u00e9catronique) R\u00e9paration Experte des Bo\u00eetes de Vitesse DSG7 du Groupe VAG Votre v\u00e9hicule \u00e9quip\u00e9 d&rsquo;une bo\u00eete de vitesse DSG7 type DQ380\/DQ381\/DQ500 conna\u00eet des probl\u00e8mes ? Vous \u00eates au bon endroit ! Pannes r\u00e9currente : P1735 \/ P1736 Chez Wildmotor, nous sommes les sp\u00e9cialistes de la r\u00e9paration et de l&rsquo;entretien des bo\u00eetes de [&hellip;]<\/p>\n","protected":false},"author":1,"featured_media":0,"parent":0,"menu_order":0,"comment_status":"closed","ping_status":"closed","template":"","meta":{"om_disable_all_campaigns":false,"_monsterinsights_skip_tracking":false,"_monsterinsights_sitenote_active":false,"_monsterinsights_sitenote_note":"","_monsterinsights_sitenote_category":0,"site-sidebar-layout":"no-sidebar","site-content-layout":"page-builder","ast-site-content-layout":"full-width-container","site-content-style":"default","site-sidebar-style":"default","ast-global-header-display":"","ast-banner-title-visibility":"","ast-main-header-display":"","ast-hfb-above-header-display":"","ast-hfb-below-header-display":"","ast-hfb-mobile-header-display":"","site-post-title":"disabled","ast-breadcrumbs-content":"","ast-featured-img":"disabled","footer-sml-layout":"","ast-disable-related-posts":"","theme-transparent-header-meta":"","adv-header-id-meta":"","stick-header-meta":"","header-above-stick-meta":"","header-main-stick-meta":"","header-below-stick-meta":"","astra-migrate-meta-layouts":"default","ast-page-background-enabled":"default","ast-page-background-meta":{"desktop":{"background-color":"","background-image":"","background-repeat":"repeat","background-position":"center center","background-size":"auto","background-attachment":"scroll","background-type":"","background-media":"","overlay-type":"","overlay-color":"","overlay-opacity":"","overlay-gradient":""},"tablet":{"background-color":"","background-image":"","background-repeat":"repeat","background-position":"center center","background-size":"auto","background-attachment":"scroll","background-type":"","background-media":"","overlay-type":"","overlay-color":"","overlay-opacity":"","overlay-gradient":""},"mobile":{"background-color":"","background-image":"","background-repeat":"repeat","background-position":"center center","background-size":"auto","background-attachment":"scroll","background-type":"","background-media":"","overlay-type":"","overlay-color":"","overlay-opacity":"","overlay-gradient":""}},"ast-content-background-meta":{"desktop":{"background-color":"var(--ast-global-color-5)","background-image":"","background-repeat":"repeat","background-position":"center center","background-size":"auto","background-attachment":"scroll","background-type":"","background-media":"","overlay-type":"","overlay-color":"","overlay-opacity":"","overlay-gradient":""},"tablet":{"background-color":"var(--ast-global-color-5)","background-image":"","background-repeat":"repeat","background-position":"center center","background-size":"auto","background-attachment":"scroll","background-type":"","background-media":"","overlay-type":"","overlay-color":"","overlay-opacity":"","overlay-gradient":""},"mobile":{"background-color":"var(--ast-global-color-5)","background-image":"","background-repeat":"repeat","background-position":"center center","background-size":"auto","background-attachment":"scroll","background-type":"","background-media":"","overlay-type":"","overlay-color":"","overlay-opacity":"","overlay-gradient":""}},"footnotes":""},"class_list":["post-2868","page","type-page","status-publish","hentry"],"aioseo_notices":[],"_links":{"self":[{"href":"https:\/\/wildmotor.fr\/index.php\/wp-json\/wp\/v2\/pages\/2868","targetHints":{"allow":["GET"]}}],"collection":[{"href":"https:\/\/wildmotor.fr\/index.php\/wp-json\/wp\/v2\/pages"}],"about":[{"href":"https:\/\/wildmotor.fr\/index.php\/wp-json\/wp\/v2\/types\/page"}],"author":[{"embeddable":true,"href":"https:\/\/wildmotor.fr\/index.php\/wp-json\/wp\/v2\/users\/1"}],"replies":[{"embeddable":true,"href":"https:\/\/wildmotor.fr\/index.php\/wp-json\/wp\/v2\/comments?post=2868"}],"version-history":[{"count":23,"href":"https:\/\/wildmotor.fr\/index.php\/wp-json\/wp\/v2\/pages\/2868\/revisions"}],"predecessor-version":[{"id":2906,"href":"https:\/\/wildmotor.fr\/index.php\/wp-json\/wp\/v2\/pages\/2868\/revisions\/2906"}],"wp:attachment":[{"href":"https:\/\/wildmotor.fr\/index.php\/wp-json\/wp\/v2\/media?parent=2868"}],"curies":[{"name":"wp","href":"https:\/\/api.w.org\/{rel}","templated":true}]}}